{"id":19,"date":"2015-06-24T07:48:05","date_gmt":"2015-06-24T07:48:05","guid":{"rendered":"http:\/\/transport.thememove.com\/?page_id=19"},"modified":"2016-01-27T11:10:13","modified_gmt":"2016-01-27T09:10:13","slug":"about-us","status":"publish","type":"page","link":"https:\/\/statrans.com.ua\/pl\/about-us\/","title":{"rendered":"O firmie"},"content":{"rendered":"<p>[vc_row][vc_column width=&#8221;1\/2&#8243;][vc_images_carousel images=&#8221;74881,74883,74884,74882&#8243; img_size=&#8221;555&#215;320&#8243; onclick=&#8221;link_no&#8221; hide_prev_next_buttons=&#8221;yes&#8221;][\/vc_column][vc_column width=&#8221;1\/2&#8243;][vc_custom_heading text=&#8221;O nas&#8221; font_container=&#8221;tag:h2|font_size:24|text_align:left|color:%23111111&#8243; use_theme_fonts=&#8221;yes&#8221; el_class=&#8221;style3&#8243; css=&#8221;.vc_custom_1453726665209{margin-bottom: 40px !important;}&#8221;][vc_column_text el_class=&#8221;gray&#8221;]Firma transportowa &#8222;Statrans&#8221; rozpocz\u0119\u0142a swoj\u0105 dzia\u0142alno\u015b\u0107 w 2005 roku. Zajmujemy si\u0119 transportem r\u00f3\u017cnego typu i rodzaju \u0142adunk\u00f3w do 22 ton. W naszej flocie znajduj\u0105 si\u0119 busy i siod\u0142owe ch\u0142odnie i plandeki. Nasze g\u0142\u00f3wne kierunki to Ukraina i kraje Europy, a mianowicie: Polska, Niemcy, Holandia, Belgia, Francja, Hiszpania, Portugalia, Litwa, \u0141otwa, Estonia i inne.[\/vc_column_text][thememove_button text=&#8221;Jeste\u015bmy na mapie&#8221; url=&#8221;https:\/\/statrans.com.ua\/pl\/contact\/&#8221; icon=&#8221;fa-map-marker&#8221;][\/vc_column][\/vc_row]<\/p>","protected":false},"excerpt":{"rendered":"<p>[vc_row][vc_column width=&#8221;1\/2&#8243;][vc_images_carousel images=&#8221;74881,74883,74884,74882&#8243; img_size=&#8221;555&#215;320&#8243; onclick=&#8221;link_no&#8221; hide_prev_next_buttons=&#8221;yes&#8221;][\/vc_column][vc_column width=&#8221;1\/2&#8243;][vc_custom_heading text=&#8221;O nas&#8221; font_container=&#8221;tag:h2|font_size:24|text_align:left|color:%23111111&#8243; use_theme_fonts=&#8221;yes&#8221; el_class=&#8221;style3&#8243; css=&#8221;.vc_custom_1453726665209{margin-bottom: 40px !important;}&#8221;][vc_column_text el_class=&#8221;gray&#8221;]Firma transportowa &#8222;Statrans&#8221; rozpocz\u0119\u0142a swoj\u0105 [&hellip;]<\/p>\n","protected":false},"author":1,"featured_media":0,"parent":0,"menu_order":0,"comment_status":"closed","ping_status":"closed","template":"","meta":{"footnotes":""},"class_list":["post-19","page","type-page","status-publish","hentry"],"_links":{"self":[{"href":"https:\/\/statrans.com.ua\/pl\/wp-json\/wp\/v2\/pages\/19","targetHints":{"allow":["GET"]}}],"collection":[{"href":"https:\/\/statrans.com.ua\/pl\/wp-json\/wp\/v2\/pages"}],"about":[{"href":"https:\/\/statrans.com.ua\/pl\/wp-json\/wp\/v2\/types\/page"}],"author":[{"embeddable":true,"href":"https:\/\/statrans.com.ua\/pl\/wp-json\/wp\/v2\/users\/1"}],"replies":[{"embeddable":true,"href":"https:\/\/statrans.com.ua\/pl\/wp-json\/wp\/v2\/comments?post=19"}],"version-history":[{"count":0,"href":"https:\/\/statrans.com.ua\/pl\/wp-json\/wp\/v2\/pages\/19\/revisions"}],"wp:attachment":[{"href":"https:\/\/statrans.com.ua\/pl\/wp-json\/wp\/v2\/media?parent=19"}],"curies":[{"name":"wp","href":"https:\/\/api.w.org\/{rel}","templated":true}]}}